{"id":64,"date":"2020-08-15T17:54:36","date_gmt":"2020-08-15T15:54:36","guid":{"rendered":"http:\/\/old.en-impedanz.de\/?page_id=64"},"modified":"2023-05-03T13:11:57","modified_gmt":"2023-05-03T11:11:57","slug":"unternehmen","status":"publish","type":"page","link":"https:\/\/old.en-impedanz.de\/en\/unternehmen\/","title":{"rendered":"Company"},"content":{"rendered":"\t\t<div data-elementor-type=\"wp-page\" data-elementor-id=\"64\" class=\"elementor elementor-64\" data-elementor-post-type=\"page\">\n\t\t\t\t\t\t<section class=\"elementor-section elementor-top-section elementor-element elementor-element-70cfd52b elementor-section-height-min-height elementor-section-boxed elementor-section-height-default elementor-section-items-middle\" data-id=\"70cfd52b\" data-element_type=\"section\" data-e-type=\"section\" data-settings=\"{&quot;background_background&quot;:&quot;classic&quot;,&quot;sticky&quot;:&quot;top&quot;,&quot;sticky_on&quot;:[&quot;desktop&quot;,&quot;tablet&quot;,&quot;mobile&quot;],&quot;sticky_offset&quot;:0,&quot;sticky_effects_offset&quot;:0,&quot;sticky_anchor_link_offset&quot;:0}\">\n\t\t\t\t\t\t<div class=\"elementor-container elementor-column-gap-default\">\n\t\t\t\t\t<div class=\"elementor-column elementor-col-50 elementor-top-column elementor-element elementor-element-67e0357d\" data-id=\"67e0357d\" data-element_type=\"column\" data-e-type=\"column\">\n\t\t\t<div class=\"elementor-widget-wrap elementor-element-populated\">\n\t\t\t\t\t\t<div class=\"elementor-element elementor-element-6d5a4ad5 elementor-widget elementor-widget-global elementor-global-340 elementor-widget-image\" data-id=\"6d5a4ad5\" data-element_type=\"widget\" data-e-type=\"widget\" data-widget_type=\"image.default\">\n\t\t\t\t<div class=\"elementor-widget-container\">\n\t\t\t\t\t\t\t\t\t\t\t\t\t\t\t\t<a href=\"https:\/\/old.en-impedanz.de\/en\">\n\t\t\t\t\t\t\t<img fetchpriority=\"high\" decoding=\"async\" width=\"400\" height=\"134\" src=\"https:\/\/old.en-impedanz.de\/wp-content\/uploads\/2020\/12\/L1.png\" class=\"attachment-full size-full wp-image-332\" alt=\"\" srcset=\"https:\/\/old.en-impedanz.de\/wp-content\/uploads\/2020\/12\/L1.png 400w, https:\/\/old.en-impedanz.de\/wp-content\/uploads\/2020\/12\/L1-300x101.png 300w, https:\/\/old.en-impedanz.de\/wp-content\/uploads\/2020\/12\/L1-396x134.png 396w\" sizes=\"(max-width: 400px) 100vw, 400px\" \/>\t\t\t\t\t\t\t\t<\/a>\n\t\t\t\t\t\t\t\t\t\t\t\t\t\t\t<\/div>\n\t\t\t\t<\/div>\n\t\t\t\t\t<\/div>\n\t\t<\/div>\n\t\t\t\t<div class=\"elementor-column elementor-col-50 elementor-top-column elementor-element elementor-element-4431d078\" data-id=\"4431d078\" data-element_type=\"column\" data-e-type=\"column\">\n\t\t\t<div class=\"elementor-widget-wrap elementor-element-populated\">\n\t\t\t\t\t\t<div class=\"theplus-equal-height elementor-element elementor-element-52ccf0d1 elementor-nav-menu__align-center elementor-nav-menu--stretch elementor-nav-menu--dropdown-tablet elementor-nav-menu__text-align-aside elementor-nav-menu--toggle elementor-nav-menu--burger elementor-widget elementor-widget-nav-menu\" data-tp-equal-height-loadded=\".elementor-widget\" data-id=\"52ccf0d1\" data-element_type=\"widget\" data-e-type=\"widget\" data-settings=\"{&quot;full_width&quot;:&quot;stretch&quot;,&quot;sticky&quot;:&quot;top&quot;,&quot;submenu_icon&quot;:{&quot;value&quot;:&quot;&lt;i class=\\&quot;fas fa-angle-down\\&quot; aria-hidden=\\&quot;true\\&quot;&gt;&lt;\\\/i&gt;&quot;,&quot;library&quot;:&quot;fa-solid&quot;},&quot;layout&quot;:&quot;horizontal&quot;,&quot;toggle&quot;:&quot;burger&quot;,&quot;sticky_on&quot;:[&quot;desktop&quot;,&quot;tablet&quot;,&quot;mobile&quot;],&quot;sticky_offset&quot;:0,&quot;sticky_effects_offset&quot;:0,&quot;sticky_anchor_link_offset&quot;:0}\" data-widget_type=\"nav-menu.default\">\n\t\t\t\t<div class=\"elementor-widget-container\">\n\t\t\t\t\t\t\t\t<nav aria-label=\"Menu\" class=\"elementor-nav-menu--main elementor-nav-menu__container elementor-nav-menu--layout-horizontal e--pointer-overline e--animation-grow\">\n\t\t\t\t<ul id=\"menu-1-52ccf0d1\" class=\"elementor-nav-menu\"><li class=\"menu-item menu-item-type-post_type menu-item-object-page menu-item-home menu-item-63\"><a href=\"https:\/\/old.en-impedanz.de\/en\/\" class=\"elementor-item\">Home<\/a><\/li>\n<li class=\"menu-item menu-item-type-post_type menu-item-object-page menu-item-has-children menu-item-62\"><a href=\"https:\/\/old.en-impedanz.de\/en\/produkte\/\" class=\"elementor-item\">Produkte<\/a>\n<ul class=\"sub-menu elementor-nav-menu--dropdown\">\n\t<li class=\"menu-item menu-item-type-post_type menu-item-object-page menu-item-84\"><a href=\"https:\/\/old.en-impedanz.de\/en\/bordnetznachbildungen\/\" class=\"elementor-sub-item\">Bordnetznachbildungen<\/a><\/li>\n\t<li class=\"menu-item menu-item-type-post_type menu-item-object-page menu-item-83\"><a href=\"https:\/\/old.en-impedanz.de\/en\/hochvolt-lisns\/\" class=\"elementor-sub-item\">Hochvolt LISNs<\/a><\/li>\n\t<li class=\"menu-item menu-item-type-post_type menu-item-object-page menu-item-82\"><a href=\"https:\/\/old.en-impedanz.de\/en\/last-und-pruefwiderstaende\/\" class=\"elementor-sub-item\">Last- und Pr\u00fcfwiderst\u00e4nde<\/a><\/li>\n<\/ul>\n<\/li>\n<li class=\"menu-item menu-item-type-post_type menu-item-object-page menu-item-86\"><a href=\"https:\/\/old.en-impedanz.de\/en\/service\/\" class=\"elementor-item\">Service<\/a><\/li>\n<li class=\"menu-item menu-item-type-post_type menu-item-object-page menu-item-87\"><a href=\"https:\/\/old.en-impedanz.de\/en\/unternehmen\/\" class=\"elementor-item\">Unternehmen<\/a><\/li>\n<li class=\"menu-item menu-item-type-post_type menu-item-object-page menu-item-85\"><a href=\"https:\/\/old.en-impedanz.de\/en\/kontakt\/\" class=\"elementor-item\">Kontakt<\/a><\/li>\n<li class=\"menu-item menu-item-type-post_type menu-item-object-page menu-item-3225\"><a href=\"https:\/\/old.en-impedanz.de\/en\/rental-of-system\/\" class=\"elementor-item\">Rental Of System<\/a><\/li>\n<li class=\"menu-item menu-item-type-post_type menu-item-object-page menu-item-3370\"><a href=\"https:\/\/old.en-impedanz.de\/en\/request-data-sheet\/\" class=\"elementor-item\">Request Data Sheet<\/a><\/li>\n<\/ul>\t\t\t<\/nav>\n\t\t\t\t\t<div class=\"elementor-menu-toggle\" role=\"button\" tabindex=\"0\" aria-label=\"Menu Toggle\" aria-expanded=\"false\">\n\t\t\t<i aria-hidden=\"true\" role=\"presentation\" class=\"elementor-menu-toggle__icon--open eicon-menu-bar\"><\/i><i aria-hidden=\"true\" role=\"presentation\" class=\"elementor-menu-toggle__icon--close eicon-close\"><\/i>\t\t<\/div>\n\t\t\t\t\t<nav class=\"elementor-nav-menu--dropdown elementor-nav-menu__container\" aria-hidden=\"true\">\n\t\t\t\t<ul id=\"menu-2-52ccf0d1\" class=\"elementor-nav-menu\"><li class=\"menu-item menu-item-type-post_type menu-item-object-page menu-item-home menu-item-63\"><a href=\"https:\/\/old.en-impedanz.de\/en\/\" class=\"elementor-item\" tabindex=\"-1\">Home<\/a><\/li>\n<li class=\"menu-item menu-item-type-post_type menu-item-object-page menu-item-has-children menu-item-62\"><a href=\"https:\/\/old.en-impedanz.de\/en\/produkte\/\" class=\"elementor-item\" tabindex=\"-1\">Produkte<\/a>\n<ul class=\"sub-menu elementor-nav-menu--dropdown\">\n\t<li class=\"menu-item menu-item-type-post_type menu-item-object-page menu-item-84\"><a href=\"https:\/\/old.en-impedanz.de\/en\/bordnetznachbildungen\/\" class=\"elementor-sub-item\" tabindex=\"-1\">Bordnetznachbildungen<\/a><\/li>\n\t<li class=\"menu-item menu-item-type-post_type menu-item-object-page menu-item-83\"><a href=\"https:\/\/old.en-impedanz.de\/en\/hochvolt-lisns\/\" class=\"elementor-sub-item\" tabindex=\"-1\">Hochvolt LISNs<\/a><\/li>\n\t<li class=\"menu-item menu-item-type-post_type menu-item-object-page menu-item-82\"><a href=\"https:\/\/old.en-impedanz.de\/en\/last-und-pruefwiderstaende\/\" class=\"elementor-sub-item\" tabindex=\"-1\">Last- und Pr\u00fcfwiderst\u00e4nde<\/a><\/li>\n<\/ul>\n<\/li>\n<li class=\"menu-item menu-item-type-post_type menu-item-object-page menu-item-86\"><a href=\"https:\/\/old.en-impedanz.de\/en\/service\/\" class=\"elementor-item\" tabindex=\"-1\">Service<\/a><\/li>\n<li class=\"menu-item menu-item-type-post_type menu-item-object-page menu-item-87\"><a href=\"https:\/\/old.en-impedanz.de\/en\/unternehmen\/\" class=\"elementor-item\" tabindex=\"-1\">Unternehmen<\/a><\/li>\n<li class=\"menu-item menu-item-type-post_type menu-item-object-page menu-item-85\"><a href=\"https:\/\/old.en-impedanz.de\/en\/kontakt\/\" class=\"elementor-item\" tabindex=\"-1\">Kontakt<\/a><\/li>\n<li class=\"menu-item menu-item-type-post_type menu-item-object-page menu-item-3225\"><a href=\"https:\/\/old.en-impedanz.de\/en\/rental-of-system\/\" class=\"elementor-item\" tabindex=\"-1\">Rental Of System<\/a><\/li>\n<li class=\"menu-item menu-item-type-post_type menu-item-object-page menu-item-3370\"><a href=\"https:\/\/old.en-impedanz.de\/en\/request-data-sheet\/\" class=\"elementor-item\" tabindex=\"-1\">Request Data Sheet<\/a><\/li>\n<\/ul>\t\t\t<\/nav>\n\t\t\t\t\t\t<\/div>\n\t\t\t\t<\/div>\n\t\t\t\t\t<\/div>\n\t\t<\/div>\n\t\t\t\t\t<\/div>\n\t\t<\/section>\n\t\t\t\t<section class=\"elementor-section elementor-top-section elementor-element elementor-element-bab50f4 elementor-section-boxed elementor-section-height-default elementor-section-height-default\" data-id=\"bab50f4\" data-element_type=\"section\" data-e-type=\"section\">\n\t\t\t\t\t\t<div class=\"elementor-container elementor-column-gap-default\">\n\t\t\t\t\t<div class=\"elementor-column elementor-col-50 elementor-top-column elementor-element elementor-element-89f3cd1\" data-id=\"89f3cd1\" data-element_type=\"column\" data-e-type=\"column\">\n\t\t\t<div class=\"elementor-widget-wrap elementor-element-populated\">\n\t\t\t\t\t\t<div class=\"elementor-element elementor-element-064938f elementor-widget elementor-widget-heading\" data-id=\"064938f\" data-element_type=\"widget\" data-e-type=\"widget\" data-widget_type=\"heading.default\">\n\t\t\t\t<div class=\"elementor-widget-container\">\n\t\t\t\t\t<h2 class=\"elementor-heading-title elementor-size-default\">About us<\/h2>\t\t\t\t<\/div>\n\t\t\t\t<\/div>\n\t\t\t\t<div class=\"elementor-element elementor-element-4664395 elementor-widget elementor-widget-text-editor\" data-id=\"4664395\" data-element_type=\"widget\" data-e-type=\"widget\" data-widget_type=\"text-editor.default\">\n\t\t\t\t<div class=\"elementor-widget-container\">\n\t\t\t\t\t\t\t\t\t<p style=\"font-size: 16px; text-align: justify; color: #000000; font-family: Lato, sans-serif; letter-spacing: -0.27px;\">EN-IMPEDANZ GmbH ist ein unabh\u00e4ngiger und wachsender Industriebetrieb, der elektrotechnische Pr\u00fcf- und Messtechnik, Vorrichtungen und Hilfsmittel zum Messen und Testen in hoher Qualit\u00e4t entwirft, fertigt und vertreibt. Dar\u00fcber hinaus beraten wir unsere Kunden zu Testaufbauten und bei der Testdurchf\u00fchrung. Unsere Produkte f\u00fcr Automotive und Industrieanwendungen verkaufen wir im internationalen Markt.\u00a0<\/p><p style=\"font-size: 16px; text-align: justify; color: #000000; font-family: Lato, sans-serif; letter-spacing: -0.27px;\"><span style=\"font-size: inherit; text-align: inherit; font-family: var( --e-global-typography-text-font-family ), Sans-serif; background-color: transparent; letter-spacing: -0.015em;\">Motivierte und engagierte Mitarbeiter bilden die Grundlage unseres Unternehmens. Wir konzentrieren uns auf eine enge Zusammenarbeit mit unseren Kunden und ausgesuchten Lieferanten um eine konstant hohe Qualit\u00e4t sicherzustellen.\u00a0<\/span><\/p><p style=\"font-size: 16px; text-align: justify; color: #000000; font-family: Lato, sans-serif; letter-spacing: -0.27px;\"><span style=\"font-size: inherit; text-align: inherit; font-family: var( --e-global-typography-text-font-family ), Sans-serif; background-color: transparent; letter-spacing: -0.015em;\">Zufriedene Kunden gewinnen und zu behalten, erachten wir als unsere wichtigste Aufgabe und sind gleichzeitig \u00fcberzeugt das Innovation und Leistungsorientierung die Grundpfeiler f\u00fcr nachhaltigen Erfolg sind.<\/span><\/p>\t\t\t\t\t\t\t\t<\/div>\n\t\t\t\t<\/div>\n\t\t\t\t\t<\/div>\n\t\t<\/div>\n\t\t\t\t<div class=\"elementor-column elementor-col-50 elementor-top-column elementor-element elementor-element-f379278\" data-id=\"f379278\" data-element_type=\"column\" data-e-type=\"column\">\n\t\t\t<div class=\"elementor-widget-wrap elementor-element-populated\">\n\t\t\t\t\t\t<div class=\"elementor-element elementor-element-0689e05 elementor-widget elementor-widget-image\" data-id=\"0689e05\" data-element_type=\"widget\" data-e-type=\"widget\" data-widget_type=\"image.default\">\n\t\t\t\t<div class=\"elementor-widget-container\">\n\t\t\t\t\t\t\t\t\t\t\t\t\t\t\t<img decoding=\"async\" width=\"580\" height=\"326\" src=\"https:\/\/old.en-impedanz.de\/wp-content\/uploads\/2020\/08\/5-1024x576.jpg\" class=\"attachment-large size-large wp-image-251\" alt=\"\" srcset=\"https:\/\/old.en-impedanz.de\/wp-content\/uploads\/2020\/08\/5-1024x576.jpg 1024w, https:\/\/old.en-impedanz.de\/wp-content\/uploads\/2020\/08\/5-300x169.jpg 300w, https:\/\/old.en-impedanz.de\/wp-content\/uploads\/2020\/08\/5-768x432.jpg 768w, https:\/\/old.en-impedanz.de\/wp-content\/uploads\/2020\/08\/5-1536x864.jpg 1536w, https:\/\/old.en-impedanz.de\/wp-content\/uploads\/2020\/08\/5-2048x1152.jpg 2048w\" sizes=\"(max-width: 580px) 100vw, 580px\" \/>\t\t\t\t\t\t\t\t\t\t\t\t\t\t\t<\/div>\n\t\t\t\t<\/div>\n\t\t\t\t\t<\/div>\n\t\t<\/div>\n\t\t\t\t\t<\/div>\n\t\t<\/section>\n\t\t\t\t<section class=\"elementor-section elementor-top-section elementor-element elementor-element-545e5bf elementor-section-full_width elementor-section-height-min-height elementor-section-height-default elementor-section-items-middle\" data-id=\"545e5bf\" data-element_type=\"section\" data-e-type=\"section\" data-settings=\"{&quot;background_background&quot;:&quot;gradient&quot;,&quot;shape_divider_top&quot;:&quot;tilt&quot;}\">\n\t\t\t\t\t<div class=\"elementor-shape elementor-shape-top\" aria-hidden=\"true\" data-negative=\"false\">\n\t\t\t<svg xmlns=\"http:\/\/www.w3.org\/2000\/svg\" viewBox=\"0 0 1000 100\" preserveAspectRatio=\"none\">\n\t<path class=\"elementor-shape-fill\" d=\"M0,6V0h1000v100L0,6z\"\/>\n<\/svg>\t\t<\/div>\n\t\t\t\t\t<div class=\"elementor-container elementor-column-gap-no\">\n\t\t\t\t\t<div class=\"elementor-column elementor-col-100 elementor-top-column elementor-element elementor-element-773a801\" data-id=\"773a801\" data-element_type=\"column\" data-e-type=\"column\">\n\t\t\t<div class=\"elementor-widget-wrap elementor-element-populated\">\n\t\t\t\t\t\t<section class=\"elementor-section elementor-inner-section elementor-element elementor-element-c8fff5d elementor-section-boxed elementor-section-height-default elementor-section-height-default\" data-id=\"c8fff5d\" data-element_type=\"section\" data-e-type=\"section\">\n\t\t\t\t\t\t<div class=\"elementor-container elementor-column-gap-default\">\n\t\t\t\t\t<div class=\"elementor-column elementor-col-100 elementor-inner-column elementor-element elementor-element-4e6e7de\" data-id=\"4e6e7de\" data-element_type=\"column\" data-e-type=\"column\">\n\t\t\t<div class=\"elementor-widget-wrap elementor-element-populated\">\n\t\t\t\t\t\t<div class=\"elementor-element elementor-element-398ab77 elementor-widget elementor-widget-image\" data-id=\"398ab77\" data-element_type=\"widget\" data-e-type=\"widget\" data-widget_type=\"image.default\">\n\t\t\t\t<div class=\"elementor-widget-container\">\n\t\t\t\t\t\t\t\t\t\t\t\t\t\t\t\t<a href=\"https:\/\/old.en-impedanz.de\/en\">\n\t\t\t\t\t\t\t<img decoding=\"async\" width=\"350\" height=\"118\" src=\"https:\/\/old.en-impedanz.de\/wp-content\/uploads\/2020\/12\/L2.png\" class=\"attachment-large size-large wp-image-381\" alt=\"\" srcset=\"https:\/\/old.en-impedanz.de\/wp-content\/uploads\/2020\/12\/L2.png 350w, https:\/\/old.en-impedanz.de\/wp-content\/uploads\/2020\/12\/L2-300x101.png 300w\" sizes=\"(max-width: 350px) 100vw, 350px\" \/>\t\t\t\t\t\t\t\t<\/a>\n\t\t\t\t\t\t\t\t\t\t\t\t\t\t\t<\/div>\n\t\t\t\t<\/div>\n\t\t\t\t<div class=\"elementor-element elementor-element-6851143 elementor-widget elementor-widget-text-editor\" data-id=\"6851143\" data-element_type=\"widget\" data-e-type=\"widget\" data-widget_type=\"text-editor.default\">\n\t\t\t\t<div class=\"elementor-widget-container\">\n\t\t\t\t\t\t\t\t\t<p>Enabling Your Measurements<\/p>\t\t\t\t\t\t\t\t<\/div>\n\t\t\t\t<\/div>\n\t\t\t\t<div class=\"elementor-element elementor-element-bf621dd elementor-icon-list--layout-inline elementor-align-center elementor-mobile-align-center elementor-list-item-link-full_width elementor-widget elementor-widget-icon-list\" data-id=\"bf621dd\" data-element_type=\"widget\" data-e-type=\"widget\" data-widget_type=\"icon-list.default\">\n\t\t\t\t<div class=\"elementor-widget-container\">\n\t\t\t\t\t\t\t<ul class=\"elementor-icon-list-items elementor-inline-items\">\n\t\t\t\t\t\t\t<li class=\"elementor-icon-list-item elementor-inline-item\">\n\t\t\t\t\t\t\t\t\t\t\t<span class=\"elementor-icon-list-icon\">\n\t\t\t\t\t\t\t<i aria-hidden=\"true\" class=\"fas fa-house-damage\"><\/i>\t\t\t\t\t\t<\/span>\n\t\t\t\t\t\t\t\t\t\t<span class=\"elementor-icon-list-text\">EN-Impedanz GmbH<\/span>\n\t\t\t\t\t\t\t\t\t<\/li>\n\t\t\t\t\t\t\t\t<li class=\"elementor-icon-list-item elementor-inline-item\">\n\t\t\t\t\t\t\t\t\t\t\t<span class=\"elementor-icon-list-icon\">\n\t\t\t\t\t\t\t<i aria-hidden=\"true\" class=\"fas fa-map-marker-alt\"><\/i>\t\t\t\t\t\t<\/span>\n\t\t\t\t\t\t\t\t\t\t<span class=\"elementor-icon-list-text\">Ro\u0308hrer Weg 8, 71032 Bo\u0308blingen, Deutschland<\/span>\n\t\t\t\t\t\t\t\t\t<\/li>\n\t\t\t\t\t\t\t\t<li class=\"elementor-icon-list-item elementor-inline-item\">\n\t\t\t\t\t\t\t\t\t\t\t<a href=\"mailto:info@old.en-impedanz.de\">\n\n\t\t\t\t\t\t\t\t\t\t\t\t<span class=\"elementor-icon-list-icon\">\n\t\t\t\t\t\t\t<i aria-hidden=\"true\" class=\"fas fa-mail-bulk\"><\/i>\t\t\t\t\t\t<\/span>\n\t\t\t\t\t\t\t\t\t\t<span class=\"elementor-icon-list-text\">info@old.en-impedanz.de<\/span>\n\t\t\t\t\t\t\t\t\t\t\t<\/a>\n\t\t\t\t\t\t\t\t\t<\/li>\n\t\t\t\t\t\t<\/ul>\n\t\t\t\t\t\t<\/div>\n\t\t\t\t<\/div>\n\t\t\t\t\t<\/div>\n\t\t<\/div>\n\t\t\t\t\t<\/div>\n\t\t<\/section>\n\t\t\t\t<section class=\"elementor-section elementor-inner-section elementor-element elementor-element-340287c elementor-section-boxed elementor-section-height-default elementor-section-height-default\" data-id=\"340287c\" data-element_type=\"section\" data-e-type=\"section\">\n\t\t\t\t\t\t<div class=\"elementor-container elementor-column-gap-default\">\n\t\t\t\t\t<div class=\"elementor-column elementor-col-20 elementor-inner-column elementor-element elementor-element-173d153\" data-id=\"173d153\" data-element_type=\"column\" data-e-type=\"column\" data-settings=\"{&quot;background_background&quot;:&quot;classic&quot;}\">\n\t\t\t<div class=\"elementor-widget-wrap elementor-element-populated\">\n\t\t\t\t\t\t<div class=\"elementor-element elementor-element-de6117f elementor-widget elementor-widget-text-editor\" data-id=\"de6117f\" data-element_type=\"widget\" data-e-type=\"widget\" data-widget_type=\"text-editor.default\">\n\t\t\t\t<div class=\"elementor-widget-container\">\n\t\t\t\t\t\t\t\t\t<p><a href=\"https:\/\/old.en-impedanz.de\/impressum\/\"><b>Impressum<\/b><\/a><\/p>\t\t\t\t\t\t\t\t<\/div>\n\t\t\t\t<\/div>\n\t\t\t\t\t<\/div>\n\t\t<\/div>\n\t\t\t\t<div class=\"elementor-column elementor-col-20 elementor-inner-column elementor-element elementor-element-eecc0c4\" data-id=\"eecc0c4\" data-element_type=\"column\" data-e-type=\"column\">\n\t\t\t<div class=\"elementor-widget-wrap elementor-element-populated\">\n\t\t\t\t\t\t<div class=\"elementor-element elementor-element-48998af elementor-widget elementor-widget-text-editor\" data-id=\"48998af\" data-element_type=\"widget\" data-e-type=\"widget\" data-widget_type=\"text-editor.default\">\n\t\t\t\t<div class=\"elementor-widget-container\">\n\t\t\t\t\t\t\t\t\t<p><a href=\"https:\/\/old.en-impedanz.de\/kontakt\/\"><b>Karriere<\/b><\/a><\/p>\t\t\t\t\t\t\t\t<\/div>\n\t\t\t\t<\/div>\n\t\t\t\t\t<\/div>\n\t\t<\/div>\n\t\t\t\t<div class=\"elementor-column elementor-col-20 elementor-inner-column elementor-element elementor-element-a418a60\" data-id=\"a418a60\" data-element_type=\"column\" data-e-type=\"column\">\n\t\t\t<div class=\"elementor-widget-wrap elementor-element-populated\">\n\t\t\t\t\t\t<div class=\"elementor-element elementor-element-3c9a13a elementor-widget elementor-widget-text-editor\" data-id=\"3c9a13a\" data-element_type=\"widget\" data-e-type=\"widget\" data-widget_type=\"text-editor.default\">\n\t\t\t\t<div class=\"elementor-widget-container\">\n\t\t\t\t\t\t\t\t\t<p><a href=\"https:\/\/old.en-impedanz.de\/datenschutzerklaerung-2\/\"><b>Datenschutzerkl\u00e4rung<\/b><\/a><\/p>\t\t\t\t\t\t\t\t<\/div>\n\t\t\t\t<\/div>\n\t\t\t\t\t<\/div>\n\t\t<\/div>\n\t\t\t\t<div class=\"elementor-column elementor-col-20 elementor-inner-column elementor-element elementor-element-5602fb9\" data-id=\"5602fb9\" data-element_type=\"column\" data-e-type=\"column\">\n\t\t\t<div class=\"elementor-widget-wrap elementor-element-populated\">\n\t\t\t\t\t\t<div class=\"elementor-element elementor-element-5f7bd06 elementor-widget elementor-widget-text-editor\" data-id=\"5f7bd06\" data-element_type=\"widget\" data-e-type=\"widget\" data-widget_type=\"text-editor.default\">\n\t\t\t\t<div class=\"elementor-widget-container\">\n\t\t\t\t\t\t\t\t\t<p><a href=\"https:\/\/old.en-impedanz.de\/datenschutzerklaerung-2\/\"><b>Nutzungsbedingungen<\/b><\/a><\/p>\t\t\t\t\t\t\t\t<\/div>\n\t\t\t\t<\/div>\n\t\t\t\t\t<\/div>\n\t\t<\/div>\n\t\t\t\t<div class=\"elementor-column elementor-col-20 elementor-inner-column elementor-element elementor-element-ac9e0d4\" data-id=\"ac9e0d4\" data-element_type=\"column\" data-e-type=\"column\">\n\t\t\t<div class=\"elementor-widget-wrap elementor-element-populated\">\n\t\t\t\t\t\t<div class=\"elementor-element elementor-element-e8bc743 elementor-widget elementor-widget-text-editor\" data-id=\"e8bc743\" data-element_type=\"widget\" data-e-type=\"widget\" data-widget_type=\"text-editor.default\">\n\t\t\t\t<div class=\"elementor-widget-container\">\n\t\t\t\t\t\t\t\t\t<p><a href=\"https:\/\/old.en-impedanz.de\/kontakt\/\" rel=\"noopener\">Kontakt<\/a><\/p>\t\t\t\t\t\t\t\t<\/div>\n\t\t\t\t<\/div>\n\t\t\t\t\t<\/div>\n\t\t<\/div>\n\t\t\t\t\t<\/div>\n\t\t<\/section>\n\t\t\t\t<div class=\"elementor-element elementor-element-0f1b329 elementor-widget elementor-widget-text-editor\" data-id=\"0f1b329\" data-element_type=\"widget\" data-e-type=\"widget\" data-widget_type=\"text-editor.default\">\n\t\t\t\t<div class=\"elementor-widget-container\">\n\t\t\t\t\t\t\t\t\t<p>\u00a9 2021 &#8211; 2023 All Rights Reserved by EN-Impedanz GmbH\u00a0<\/p>\t\t\t\t\t\t\t\t<\/div>\n\t\t\t\t<\/div>\n\t\t\t\t<div class=\"elementor-element elementor-element-e28fb60 elementor-widget elementor-widget-tp-smooth-scroll\" data-id=\"e28fb60\" data-element_type=\"widget\" data-e-type=\"widget\" data-widget_type=\"tp-smooth-scroll.default\">\n\t\t\t\t<div class=\"elementor-widget-container\">\n\t\t\t\t\t<div class=\"plus-smooth-scroll\" data-scroll-type=\"basic\" data-frameRate=\"758\" data-animationTime=\"1600\" data-stepSize=\"100\" data-pulseAlgorithm=\"1\" data-pulseScale=\"4\" data-pulseNormalize=\"1\" data-accelerationDelta=\"50\" data-accelerationMax=\"3\" data-keyboardSupport=\"1\" data-arrowScroll=\"50\" data-touchpadSupport=\"0\" data-fixedBackground=\"1\" data-basicdata=\"{&quot;Browsers&quot;:[&quot;ieWin7&quot;,&quot;chrome&quot;,&quot;firefox&quot;,&quot;safari&quot;]}\"   data-tablet-off=&quot;no&quot; ><script>var smoothAllowedBrowsers = [\"ieWin7\",\"chrome\",\"firefox\",\"safari\"]<\/script><\/div>\t\t\t\t<\/div>\n\t\t\t\t<\/div>\n\t\t\t\t\t<\/div>\n\t\t<\/div>\n\t\t\t\t\t<\/div>\n\t\t<\/section>\n\t\t\t\t<\/div>\n\t\t","protected":false},"excerpt":{"rendered":"<p>About us EN-IMPEDANZ GmbH ist ein unabh\u00e4ngiger und wachsender Industriebetrieb, der elektrotechnische Pr\u00fcf- und Messtechnik, Vorrichtungen und Hilfsmittel zum Messen und Testen in hoher Qualit\u00e4t entwirft, fertigt und vertreibt. Dar\u00fcber hinaus beraten wir unsere Kunden zu Testaufbauten und bei der Testdurchf\u00fchrung. Unsere Produkte f\u00fcr Automotive und Industrieanwendungen verkaufen wir im internationalen Markt.\u00a0 Motivierte und engagierte [&hellip;]<\/p>\n","protected":false},"author":4,"featured_media":0,"parent":0,"menu_order":0,"comment_status":"closed","ping_status":"closed","template":"elementor_canvas","meta":{"footnotes":""},"class_list":["post-64","page","type-page","status-publish","hentry"],"_links":{"self":[{"href":"https:\/\/old.en-impedanz.de\/en\/wp-json\/wp\/v2\/pages\/64","targetHints":{"allow":["GET"]}}],"collection":[{"href":"https:\/\/old.en-impedanz.de\/en\/wp-json\/wp\/v2\/pages"}],"about":[{"href":"https:\/\/old.en-impedanz.de\/en\/wp-json\/wp\/v2\/types\/page"}],"author":[{"embeddable":true,"href":"https:\/\/old.en-impedanz.de\/en\/wp-json\/wp\/v2\/users\/4"}],"replies":[{"embeddable":true,"href":"https:\/\/old.en-impedanz.de\/en\/wp-json\/wp\/v2\/comments?post=64"}],"version-history":[{"count":125,"href":"https:\/\/old.en-impedanz.de\/en\/wp-json\/wp\/v2\/pages\/64\/revisions"}],"predecessor-version":[{"id":3174,"href":"https:\/\/old.en-impedanz.de\/en\/wp-json\/wp\/v2\/pages\/64\/revisions\/3174"}],"wp:attachment":[{"href":"https:\/\/old.en-impedanz.de\/en\/wp-json\/wp\/v2\/media?parent=64"}],"curies":[{"name":"wp","href":"https:\/\/api.w.org\/{rel}","templated":true}]}}